{"id":2,"date":"2025-09-14T19:33:28","date_gmt":"2025-09-14T19:33:28","guid":{"rendered":"https:\/\/www.021media.nu\/wp\/bubbeeen\/?page_id=2"},"modified":"2026-02-11T10:38:49","modified_gmt":"2026-02-11T09:38:49","slug":"sample-page","status":"publish","type":"page","link":"https:\/\/www.021media.nu\/wp\/bubbeeen\/?page_id=2","title":{"rendered":"Om"},"content":{"rendered":"<p><\/p>\r\n<p><em><strong>Vad, vem \u00e4r Bubbeeen Music?<\/strong><\/em><\/p>\r\n<p><a href=\"https:\/\/www.021media.nu\/wp\/bubbeeen\/wp-content\/uploads\/2025\/12\/Bubbeeen_Music_Dj.jpg\"><img loading=\"lazy\" decoding=\"async\" class=\"alignleft wp-image-791 size-thumbnail\" src=\"https:\/\/www.021media.nu\/wp\/bubbeeen\/wp-content\/uploads\/2025\/12\/Bubbeeen_Music_Dj-150x150.jpg\" alt=\"\" width=\"150\" height=\"150\" srcset=\"https:\/\/www.021media.nu\/wp\/bubbeeen\/wp-content\/uploads\/2025\/12\/Bubbeeen_Music_Dj-150x150.jpg 150w, https:\/\/www.021media.nu\/wp\/bubbeeen\/wp-content\/uploads\/2025\/12\/Bubbeeen_Music_Dj.jpg 300w\" sizes=\"auto, (max-width: 150px) 100vw, 150px\" \/><\/a>Bubbeeen Music \u00e4r en pseudonym d\u00e4r jag skapar AI musik till egenskrivna texter, b\u00e5de p\u00e5 svenska och engelska.<\/p>\r\n<p>Jag tar hj\u00e4lp av ChatGTP eller Gemini f\u00f6r att f\u00e5 r\u00e4tt struktur p\u00e5 texterna som finns nerskrivna s\u00e5 det passar till en melodi, en del arbetar jag fram med hj\u00e4lp av st\u00f6dord och n\u00e5gra fraser som jag matar in och f\u00e5r p\u00e5 s\u00e5 s\u00e4tt fram en text. <br \/>som jag sedan matar in i en AI musik generator som i sin tur skapar musiken och s\u00e5ngen.<br \/>Samt att jag anv\u00e4nder AI f\u00f6r att skapa covers till l\u00e5tarna.<br \/>Bubbeeen Music \u00e4r ett musikprojekt som skapats av <a href=\"https:\/\/www.021media.se\/\" target=\"_blank\" rel=\"noopener\">021media.se MediaProduction<\/a>.<\/p>\r\n<p>&nbsp;<\/p>\r\n<p>&nbsp;<\/p>\r\n<p><em><strong>Hur allt b\u00f6rjade?<\/strong><\/em><\/p>\r\n<p>Allt b\u00f6rjade med att jag skapade en l\u00e5t till ett filmklipp jag satte ihop av bilder jag fotat f\u00f6r Mopedg\u00e4nget V\u00e4ster\u00e5s under Summer Meet i V\u00e4ster\u00e5s.\u00a0<\/p>\r\n<p>Jag ville ha n\u00e5tt som var speciellt och bara f\u00f6r dem, och jag satt och kn\u00e5pade framf\u00f6r datorn och tog lite hj\u00e4lp av ChatGTP f\u00f6r att f\u00e5 strukturen p\u00e5 texten till en eventuell l\u00e5t. Sen la jag in texten i en musik AI generator som skapar AI musik och s\u00e5ng. Jag testade med flera av mina egenskrivna texter jag hade liggandes i datorn och tyckte det va kul och sp\u00e4nnande och la ut lite l\u00e5tar p\u00e5 YouTube, och fick bra respons. B\u00e4st respons f\u00e5r jag p\u00e5 TikTok, d\u00e4r det snittar 500-700 visningar per klipp. Fr\u00e5n b\u00f6rjan la jag upp hela l\u00e5tarna p\u00e5 TikTok, men nu mera l\u00e4gger jag endast upp en teaser p\u00e5 ca. 30-40 sekunder, precis som jag g\u00f6r h\u00e4r p\u00e5 hemsidan och p\u00e5 Facebook sidan.<\/p>\r\n<p>&nbsp;<\/p>\r\n<p>F\u00f6lj mig g\u00e4rna p\u00e5 mina socialamedier, ni hittar mig p\u00e5 Facebook, Instagram, TikTok, spelarlistor p\u00e5 Youtube som ligger p\u00e5 021media.se MediaProductions kanal samt p\u00e5 SoundCloud, l\u00e4nkar hittar ni l\u00e4ngre ner.<\/p>\r\n<p>&nbsp;<\/p>\r\n<p><em><strong>Mina texter<\/strong><\/em><\/p>\r\n<p>\r\n\r\n<\/p>\r\n<p>Jag har genom \u00e5ren genomg\u00e5tt en hel del i livet. Jag lider bl.a av psykisk oh\u00e4lsa, ADHD och fibromyalgi, s\u00e5 m\u00e5nga av mina texter handlar om just det.<br \/>Och jag har en hel del annat i livets ryggs\u00e4ck, som finns med i texterna. Jag har \u00e4ven gjort n\u00e5gra specialare till v\u00e4nner och bekanta. Jag skapar i olika musikstilar s\u00e5 som pop, rock, EDM, dansband, ballader och country.<\/p>\r\n<p>&nbsp;<\/p>\r\n<p><img loading=\"lazy\" decoding=\"async\" class=\"alignleft wp-image-400 size-full\" src=\"https:\/\/www.021media.nu\/wp\/bubbeeen\/wp-content\/uploads\/2025\/10\/Bubblicious_small.jpg\" alt=\"\" width=\"174\" height=\"300\" \/><\/p>\r\n<p><em><strong>Vem \u00e4r Bubblicious?<\/strong><\/em><\/p>\r\n<p>Bubblicious \u00e4r en helt och h\u00e5llet p\u00e5hittad karakt\u00e4r.<\/p>\r\n<p>Hon \u00e4r en cool, fr\u00e4ck och lite sm\u00e5 snuskig brud med mycket attityd och med skinn p\u00e5 n\u00e4san.<\/p>\r\n<p>Inte blyg f\u00f6r fem \u00f6re, hon \u00e4r rak p\u00e5 sak och har inga h\u00e4mningar och kan vara riktigt snuskig och kinky.<\/p>\r\n<p>&nbsp;<\/p>\r\n<p>&nbsp;<\/p>\r\n<p>&nbsp;<\/p>\r\n<p>&nbsp;<\/p>\r\n<p><em><strong>Tj\u00e4nar jag n\u00e5got p\u00e5 detta?<\/strong><\/em><\/p>\r\n<p>Tj\u00e4nar inte en enda krona p\u00e5 det jag l\u00e4gger ut, vare sig p\u00e5 YouTube, SoundCloud, TikTok, Instagram, Facebook eller h\u00e4r p\u00e5 hemsidan.<\/p>\r\n<p>Det enda jag vill \u00e4r att f\u00f6rmedla mina texter, och k\u00e4nslorna i dem. Jag g\u00f6r detta som en del av mitt b\u00e4ttre m\u00e5ende, bearbeta mitt m\u00e5ende och f\u00f6rhoppningsvis hj\u00e4lpa andra i samma situation. Och att det \u00e4r f\u00f6rbannat roligt, och sen f\u00e5 all den respons jag har f\u00e5tt p\u00e5 musiken och texterna.<\/p>\r\n<p>&nbsp;<\/p>\r\n<p>&nbsp;<\/p>\r\n<p><em><strong>Kommer musiken att komma ut p\u00e5 Spotify\/SoundCloud?<\/strong><\/em><\/p>\r\n<p>Jag kommer inte l\u00e4gga upp n\u00e5gon musik p\u00e5 Spotify, men d\u00e4r emot hittar ni mig p\u00e5 SoundCloud.<br \/>Att l\u00e4gga upp p\u00e5 Spotify skulle kosta mer \u00e4n vad jag skulle tj\u00e4na p\u00e5 musiken.<\/p>\r\n<p>&nbsp;<\/p>\r\n<p>\r\n\r\n<\/p>\r\n<p>Jag hoppas ni ska gilla det jag l\u00e4gger upp p\u00e5 mina kanaler.<\/p>\r\n<p>&nbsp;<\/p>\r\n<p>\r\n\r\n<\/p>\r\n<p><em><strong>Ni hittar mig p\u00e5 f\u00f6ljande kanaler:<\/strong><\/em><\/p>\r\n<p>\r\n\r\n<\/p>\r\n<p><a href=\"https:\/\/www.youtube.com\/playlist?list=PL41IUwy-gEo17uWyqj7nsYl0l1pAz0dTo\" target=\"_blank\" rel=\"noopener\">YouTube &#8211; Spelarlista<\/a><\/p>\r\n<p>\r\n\r\n<\/p>\r\n<p><a href=\"https:\/\/www.facebook.com\/bubbeeenmusic\" target=\"_blank\" rel=\"noopener\">Facebook<\/a><\/p>\r\n<p>\r\n\r\n<\/p>\r\n<p><a href=\"https:\/\/www.instagram.com\/bubbeeen_music\/\" target=\"_blank\" rel=\"noopener\">Instagram<\/a><\/p>\r\n<p>\r\n\r\n<\/p>\r\n<p><a href=\"https:\/\/www.tiktok.com\/@bubbeeen.music?_t=ZN-8zeIg2TC51K&amp;_r=1\" target=\"_blank\" rel=\"noopener\">TikTok<\/a><\/p>\r\n<p><a href=\"https:\/\/www.youtube.com\/playlist?list=PL41IUwy-gEo2K9T4bKVBlelScguFiqYAl\" target=\"_blank\" rel=\"noopener\">Julmusik 2025<\/a><\/p>\r\n<p><a href=\"https:\/\/on.soundcloud.com\/y9JEqdKgIythZ1iPuu\" target=\"_blank\" rel=\"noopener\">SoundCloud<\/a><\/p>\r\n<p>&nbsp;<\/p>\r\n<p>\r\n\r\n<\/p>\r\n<p><em><strong>V\u00e4l m\u00f6tt<\/strong><\/em><\/p>\r\n<p><em>\/ Bubbeeen Music<br \/>021media.se MediaProduction<br \/><\/em><\/p>\r\n<p><\/p>","protected":false},"excerpt":{"rendered":"<p>Vad, vem \u00e4r Bubbeeen Music? Bubbeeen Music \u00e4r en pseudonym d\u00e4r jag skapar AI musik till egenskrivna texter, b\u00e5de p\u00e5 svenska och engelska. Jag tar hj\u00e4lp av ChatGTP eller Gemini f\u00f6r att f\u00e5 r\u00e4tt struktur p\u00e5 texterna som finns nerskrivna s\u00e5 det passar till en melodi, en del arbetar jag <a class=\"read-more\" href=\"https:\/\/www.021media.nu\/wp\/bubbeeen\/?page_id=2\">L\u00e4s mer<\/a><\/p>\n","protected":false},"author":1,"featured_media":0,"parent":0,"menu_order":2,"comment_status":"closed","ping_status":"open","template":"","meta":{"footnotes":""},"class_list":["post-2","page","type-page","status-publish","hentry"],"_links":{"self":[{"href":"https:\/\/www.021media.nu\/wp\/bubbeeen\/index.php?rest_route=\/wp\/v2\/pages\/2","targetHints":{"allow":["GET"]}}],"collection":[{"href":"https:\/\/www.021media.nu\/wp\/bubbeeen\/index.php?rest_route=\/wp\/v2\/pages"}],"about":[{"href":"https:\/\/www.021media.nu\/wp\/bubbeeen\/index.php?rest_route=\/wp\/v2\/types\/page"}],"author":[{"embeddable":true,"href":"https:\/\/www.021media.nu\/wp\/bubbeeen\/index.php?rest_route=\/wp\/v2\/users\/1"}],"replies":[{"embeddable":true,"href":"https:\/\/www.021media.nu\/wp\/bubbeeen\/index.php?rest_route=%2Fwp%2Fv2%2Fcomments&post=2"}],"version-history":[{"count":29,"href":"https:\/\/www.021media.nu\/wp\/bubbeeen\/index.php?rest_route=\/wp\/v2\/pages\/2\/revisions"}],"predecessor-version":[{"id":878,"href":"https:\/\/www.021media.nu\/wp\/bubbeeen\/index.php?rest_route=\/wp\/v2\/pages\/2\/revisions\/878"}],"wp:attachment":[{"href":"https:\/\/www.021media.nu\/wp\/bubbeeen\/index.php?rest_route=%2Fwp%2Fv2%2Fmedia&parent=2"}],"curies":[{"name":"wp","href":"https:\/\/api.w.org\/{rel}","templated":true}]}}